{"id":8,"date":"2021-08-30T14:34:38","date_gmt":"2021-08-30T18:34:38","guid":{"rendered":"https:\/\/www.done-ritecarpetcleaning.ca\/?page_id=8"},"modified":"2024-04-26T13:23:46","modified_gmt":"2024-04-26T17:23:46","slug":"services","status":"publish","type":"page","link":"https:\/\/www.done-ritecarpetcleaning.ca\/fr\/services\/","title":{"rendered":"Services"},"content":{"rendered":"<section class=\"fullimg-container\"><picture><source srcset=\"https:\/\/www.done-ritecarpetcleaning.ca\/wp-content\/uploads\/2021\/09\/Don-Rite.webp\" type=\"image\/webp\"><picture><source srcset=\"https:\/\/www.done-ritecarpetcleaning.ca\/wp-content\/uploads\/2021\/09\/Don-Rite.webp\" type=\"image\/webp\"><img decoding=\"async\" class=\"img-fluid w-100 jetpack-lazy-image\" src=\"https:\/\/www.done-ritecarpetcleaning.ca\/wp-content\/uploads\/2021\/09\/Don-Rite.png\" alt=\"\" data-lazy-src=\"https:\/\/www.done-ritecarpetcleaning.ca\/wp-content\/uploads\/2021\/09\/Don-Rite.png?is-pending-load=1\" srcset=\"data:image\/gif;base64,R0lGODlhAQABAIAAAAAAAP\/\/\/yH5BAEAAAAALAAAAAABAAEAAAIBRAA7\"><\/picture><\/picture><noscript><picture><source srcset=\"https:\/\/www.done-ritecarpetcleaning.ca\/wp-content\/uploads\/2021\/09\/Don-Rite.webp\" type=\"image\/webp\"><picture><source srcset=\"https:\/\/www.done-ritecarpetcleaning.ca\/wp-content\/uploads\/2021\/09\/Don-Rite.webp\" type=\"image\/webp\"><img decoding=\"async\" data-lazy-fallback=\"1\" class=\"img-fluid w-100\" src=\"https:\/\/www.done-ritecarpetcleaning.ca\/wp-content\/uploads\/2021\/09\/Don-Rite.png\" alt=\"\"><\/picture><\/picture><\/noscript><\/p>\n<div class=\"container\">\n<div class=\"row\">\n<div class=\"col-12 col-lg-6\">\n<div class=\"lc-block slogan\">\n<div editable=\"rich\">\n<h2>QUAND VOUS VOULEZ QUE \u00c7A SOIT BIEN FAIT D\u00c8S LA PREMI\u00c8RE FOIS, FAITES CONFIANCE \u00c0 DONE-RITE \u00c0 GATINEAU ET OTTAWA<\/h2>\n<\/p><\/div>\n<\/p><\/div>\n<p><!-- \/lc-block -->\n\t\t\t<\/div>\n<\/p><\/div>\n<\/p><\/div>\n<\/section>\n<section class=\"h1-container\">\n<div class=\"container\">\n<div class=\"row align-items-center\">\n<div class=\"col-12\">\n<div class=\"h1-div\">\n<div class=\"lc-block\">\n<div editable=\"rich\">\n<h1>NOS SERVICES R\u00c9SIDENTIELS ET COMMERCIAUX POUR VOS MEUBLES, TAPIS ET V\u00c9HICULES R\u00c9CR\u00c9ATIFS \u00c0 GATINEAU ET OTTAWA<\/h1>\n<\/p><\/div>\n<\/p><\/div>\n<p><!-- \/lc-block --><\/p>\n<div class=\"lc-block\">\n<div lc-helper=\"shortcode\" class=\"live-shortcode\"><a class=\"contact btn\" href=\"https:\/\/www.done-ritecarpetcleaning.ca\/fr\/nous-joindre\/\" aria-label=\"Soumission gratuite\">Soumission gratuite<\/a><\/div>\n<\/p><\/div>\n<p><!-- \/lc-block -->\n\t\t\t\t<\/div>\n<\/p><\/div>\n<p><!-- \/col -->\n\t\t<\/div>\n<\/p><\/div>\n<\/section>\n<section class=\"content-container pt-0\">\n<div class=\"container\">\n<div class=\"row\">\n<div class=\"col-lg-8 col-xl-7 mx-auto\">\n<div class=\"type-services row\">\n<div class=\"lc-block col-12 col-md-6\">\n<div editable=\"rich\" class=\"text-center\">\n<p> Nettoyage r\u00e9sidentiel<\/p>\n<\/p><\/div>\n<\/p><\/div>\n<p><!-- \/lc-block --><\/p>\n<div class=\"lc-block col-12 col-md-6\">\n<div editable=\"rich\" class=\"text-center\">\n<p> Nettoyage commercial<\/p>\n<\/p><\/div>\n<\/p><\/div>\n<p><!-- \/lc-block -->\n\t\t\t\t<\/div>\n<\/p><\/div>\n<p><!-- \/col --><\/p>\n<div class=\"col-lg-8 col-xxl-6\">\n<div class=\"lc-block\">\n<div editable=\"rich\">\n<h2>Services<\/h2>\n<p>Le service de nettoyage de tapis et de tissus d&rsquo;ameublement et d&#8217;emballage sous film r\u00e9tractable de Done-Rite offre des services de qualit\u00e9, soutenus par des d\u00e9cennies d&rsquo;exp\u00e9rience. Pour le nettoyage des tapis et des meubles, nous utilisons des techniques \u00e9prouv\u00e9es qui assurent un nettoyage professionnel des tapis, des carpettes non laineuses, des meubles, des matelas de lit, des chaises de salle \u00e0 manger et d&rsquo;attente, des bateaux, des tapis, des meubles de ponton et bien plus encore.<\/p>\n<\/p>\n<\/p>\n<\/p>\n<p>L&#8217;emballage r\u00e9tractable Done-Rite est effectu\u00e9 par le propri\u00e9taire et technicien en chef (Joel) lui-m\u00eame, depuis 1995. Chez Done-Rite, nous emballons professionnellement les petits et grands bateaux de p\u00eache, les pontons, les bateaux rapides, les bateaux de croisi\u00e8re et tout ce que vous souhaitez prot\u00e9ger des \u00e9l\u00e9ments pendant les longs mois d&rsquo;hiver. Avec les services \u00ab\u00a0sur place\u00a0\u00bb de Done-Rite \u00e0 Gatineau et Ottawa, vous pouvez choisir de faire faire votre emballage r\u00e9tractable \u00e0 la maison, au chalet ou \u00e0 votre lieu de travail. Done-Rite a tout le mat\u00e9riel \u00e0 port\u00e9e de main et sait comment fournir un service de qualit\u00e9. Faites appel \u00e0 des professionnels pour un travail bien fait.\n\t\t\t\t\t<\/p><\/div>\n<\/p><\/div>\n<p><!-- \/lc-block --><\/p>\n<div class=\"lc-block\">\n<div lc-helper=\"shortcode\" class=\"live-shortcode\"><a class=\"contact btn\" href=\"https:\/\/www.done-ritecarpetcleaning.ca\/fr\/nous-joindre\/\" aria-label=\"Obtenez un prix\">Obtenez un prix<\/a><\/div>\n<\/p><\/div>\n<p><!-- \/lc-block -->\n\t\t\t<\/div>\n<p><!-- \/col --><\/p>\n<div class=\"col-lg-4 mx-auto\">\n<div class=\"lc-block h-100\">\n<div lc-helper=\"shortcode\" class=\"live-shortcode h-100\"><div class=\"liste-services\"><h4>Services<\/h4><ul><li><a href=\"https:\/\/www.done-ritecarpetcleaning.ca\/fr\/services\/nettoyage-de-tapis\/\">Nettoyage de tapis<\/a><\/li><li><a href=\"https:\/\/www.done-ritecarpetcleaning.ca\/fr\/services\/nettoyage-de-meubles\/\">Nettoyage de meubles<\/a><\/li><\/ul><\/div><\/div>\n<\/p><\/div>\n<p><!-- \/lc-block -->\n\t\t\t<\/div>\n<p><!-- \/col --><\/p>\n<div class=\"col-12\">\n<div class=\"lc-block mt-4\">\n<div lc-helper=\"shortcode\" class=\"live-shortcode\"><div class=\"services_det\"><p>Tous les services de nettoyage de Done-Rite comprennent le d\u00e9sinfectant \"Benefect\".<\/p><p>Tous les prix sont susceptibles d'\u00eatre modifi\u00e9s lors d'une inspection visuelle. Frais minimaux de 100 $ pour tous les services.<\/p><\/div><\/div>\n<\/p><\/div>\n<p><!-- \/lc-block -->\n\t\t\t<\/div>\n<\/p><\/div>\n<\/p><\/div>\n<\/section>\n","protected":false},"excerpt":{"rendered":"<p>QUAND VOUS VOULEZ QUE \u00c7A SOIT BIEN FAIT D\u00c8S LA PREMI\u00c8RE FOIS, FAITES CONFIANCE \u00c0 DONE-RITE \u00c0 GATINEAU ET OTTAWA NOS SERVICES R\u00c9SIDENTIELS ET COMMERCIAUX POUR VOS MEUBLES, TAPIS ET V\u00c9HICULES R\u00c9CR\u00c9ATIFS \u00c0 GATINEAU ET OTTAWA Nettoyage r\u00e9sidentiel Nettoyage commercial Services Le service de nettoyage de tapis et de tissus d&rsquo;ameublement et d&#8217;emballage sous film [&hellip;]<\/p>\n","protected":false},"author":1,"featured_media":0,"parent":0,"menu_order":0,"comment_status":"closed","ping_status":"closed","template":"page-templates\/empty.php","meta":{"footnotes":""},"class_list":["post-8","page","type-page","status-publish","hentry"],"_links":{"self":[{"href":"https:\/\/www.done-ritecarpetcleaning.ca\/fr\/wp-json\/wp\/v2\/pages\/8","targetHints":{"allow":["GET"]}}],"collection":[{"href":"https:\/\/www.done-ritecarpetcleaning.ca\/fr\/wp-json\/wp\/v2\/pages"}],"about":[{"href":"https:\/\/www.done-ritecarpetcleaning.ca\/fr\/wp-json\/wp\/v2\/types\/page"}],"author":[{"embeddable":true,"href":"https:\/\/www.done-ritecarpetcleaning.ca\/fr\/wp-json\/wp\/v2\/users\/1"}],"replies":[{"embeddable":true,"href":"https:\/\/www.done-ritecarpetcleaning.ca\/fr\/wp-json\/wp\/v2\/comments?post=8"}],"version-history":[{"count":34,"href":"https:\/\/www.done-ritecarpetcleaning.ca\/fr\/wp-json\/wp\/v2\/pages\/8\/revisions"}],"predecessor-version":[{"id":1848,"href":"https:\/\/www.done-ritecarpetcleaning.ca\/fr\/wp-json\/wp\/v2\/pages\/8\/revisions\/1848"}],"wp:attachment":[{"href":"https:\/\/www.done-ritecarpetcleaning.ca\/fr\/wp-json\/wp\/v2\/media?parent=8"}],"curies":[{"name":"wp","href":"https:\/\/api.w.org\/{rel}","templated":true}]}}