{"id":12,"date":"2021-08-30T14:35:43","date_gmt":"2021-08-30T18:35:43","guid":{"rendered":"https:\/\/www.done-ritecarpetcleaning.ca\/?page_id=12"},"modified":"2024-04-26T13:49:41","modified_gmt":"2024-04-26T17:49:41","slug":"nous-joindre","status":"publish","type":"page","link":"https:\/\/www.done-ritecarpetcleaning.ca\/fr\/nous-joindre\/","title":{"rendered":"Nous joindre"},"content":{"rendered":"<section class=\"fullimg-container\"><picture><source srcset=\"https:\/\/www.done-ritecarpetcleaning.ca\/wp-content\/uploads\/2021\/09\/Don-Rite.webp\" type=\"image\/webp\"><img decoding=\"async\" class=\"img-fluid w-100 jetpack-lazy-image\" src=\"https:\/\/www.done-ritecarpetcleaning.ca\/wp-content\/uploads\/2021\/09\/Don-Rite.png\" alt=\"\" data-lazy-src=\"https:\/\/www.done-ritecarpetcleaning.ca\/wp-content\/uploads\/2021\/09\/Don-Rite.png?is-pending-load=1\" srcset=\"data:image\/gif;base64,R0lGODlhAQABAIAAAAAAAP\/\/\/yH5BAEAAAAALAAAAAABAAEAAAIBRAA7\"><\/picture><noscript><picture><source srcset=\"https:\/\/www.done-ritecarpetcleaning.ca\/wp-content\/uploads\/2021\/09\/Don-Rite.webp\" type=\"image\/webp\"><img decoding=\"async\" data-lazy-fallback=\"1\" class=\"img-fluid w-100\" src=\"https:\/\/www.done-ritecarpetcleaning.ca\/wp-content\/uploads\/2021\/09\/Don-Rite.png\" alt=\"\"><\/picture><\/noscript><\/p>\n<div class=\"container\">\n<div class=\"row\">\n<div class=\"col-12 col-lg-6\">\n<div class=\"lc-block slogan\">\n<div editable=\"rich\">\n<h2>QUAND VOUS VOULEZ QUE \u00c7A SOIT BIEN FAIT D\u00c8S LA PREMI\u00c8RE FOIS, DONE-RITE \u00c0 GATINEAU ET OTTAWA<\/h2>\n<\/p><\/div>\n<\/p><\/div>\n<p><!-- \/lc-block -->\n\t\t\t<\/div>\n<\/p><\/div>\n<\/p><\/div>\n<\/section>\n<section class=\"h1-container contact\">\n<div class=\"container\">\n<div class=\"row align-items-center\">\n<div class=\"col-12\">\n<div class=\"h1-div\">\n<div class=\"lc-block\">\n<div editable=\"rich\">\n<h1>Nous joindre<\/h1>\n<p>Nettoyage de meubles et tapis Done-Rite et emballage r\u00e9tractable<\/p>\n<\/p><\/div>\n<\/p><\/div>\n<p><!-- \/lc-block -->\n\t\t\t\t<\/div>\n<\/p><\/div>\n<p><!-- \/col -->\n\t\t<\/div>\n<\/p><\/div>\n<\/section>\n<section class=\"content-container py-4\">\n<div class=\"container\">\n<div class=\"row\">\n<div class=\"col-12\">\n<div class=\"lc-block\">\n<div editable=\"rich\">\n<h2 class=\"mb-0\">Contact<\/h2>\n<p>Done-Rite vous remercie de votre int\u00e9r\u00eat. Pour toute question ou commentaire, veuillez utiliser les informations indiqu\u00e9es ici, ou nous rejoindre sur <a href=\"https:\/\/www.facebook.com\/Doneritecarpet\/\" class=\"\" rel=\"noopener nofollow\" target=\"_blank\">Facebook<\/a>.<\/p>\n<\/p><\/div>\n<\/p><\/div>\n<p><!-- \/lc-block -->\n\t\t\t<\/div>\n<p><!-- \/col -->\n\t\t<\/div>\n<div class=\"row\">\n<div class=\"col-lg-4\">\n<div class=\"lc-block\">\n<div editable=\"rich\">\n<h3 class=\"mb-0\">T\u00e9l\u00e9phone ou texto<\/h3>\n<p>(819) 930-3023<\/p>\n<h3 class=\"mb-0\">Courriel<\/h3>\n<p><a href=\"mailto:jojorite@hotmail.com\">jojorite@hotmail.com<\/a><\/p>\n<\/p><\/div>\n<\/p><\/div>\n<p><!-- \/lc-block -->\n\t\t\t<\/div>\n<p><!-- \/col --><\/p>\n<div class=\"col-lg-4\">\n<div class=\"lc-block\">\n<div editable=\"rich\">\n<h3 class=\"mb-0\">HEURES D&rsquo;OUVERTURE<\/h3>\n<p>Du lundi au dimanche : de 9 h \u00e0 18 h.<br \/>Service d&rsquo;urgence disponible 24\/7<\/p>\n<h3 class=\"mb-0 h5\">Nos fournisseurs, commanditaires et clients<\/h3>\n<p>\t\t\t\t\t\t<a rel=\"noopener nofollow\" target=\"_blank\" href=\"http:\/\/www.fibreclean.com\/\">Fibreclean\u2122<\/a>\n\t\t\t\t\t<\/div>\n<\/p><\/div>\n<p><!-- \/lc-block -->\n\t\t\t<\/div>\n<p><!-- \/col --><\/p>\n<div class=\"col-lg-4\">\n<div class=\"lc-block\">\n<div editable=\"rich\">\n<h3 class=\"mb-0\">ZONE DE SERVICE <\/h3>\n<p>R\u00e9gion d&rsquo;Ottawa-Gatineau. Service \u00e0 l&rsquo;ext\u00e9rieur de la ville disponible.<\/p>\n<p>\t\t\t\t\t\t<a href=\"https:\/\/www.facebook.com\/Doneritecarpet\/\" rel=\"noopener nofollow\" target=\"_blank\" class=\"d-inline-flex align-items-center\"><img decoding=\"async\" src=\"\/wp-content\/uploads\/2021\/10\/fb-icon-1.png\" class=\"mr-2 jetpack-lazy-image\" data-lazy-src=\"\/wp-content\/uploads\/2021\/10\/fb-icon-1.png?is-pending-load=1\" srcset=\"data:image\/gif;base64,R0lGODlhAQABAIAAAAAAAP\/\/\/yH5BAEAAAAALAAAAAABAAEAAAIBRAA7\"><noscript><img decoding=\"async\" data-lazy-fallback=\"1\" src=\"\/wp-content\/uploads\/2021\/10\/fb-icon-1.png\" class=\"mr-2\"><\/noscript>Visitez notre Facebook<\/a>\n\t\t\t\t\t<\/div>\n<\/p><\/div>\n<p><!-- \/lc-block -->\n\t\t\t<\/div>\n<p><!-- \/col -->\n\t\t<\/div>\n<\/p><\/div>\n<\/section>\n","protected":false},"excerpt":{"rendered":"<p>QUAND VOUS VOULEZ QUE \u00c7A SOIT BIEN FAIT D\u00c8S LA PREMI\u00c8RE FOIS, DONE-RITE \u00c0 GATINEAU ET OTTAWA Nous joindre Nettoyage de meubles et tapis Done-Rite et emballage r\u00e9tractable Contact Done-Rite vous remercie de votre int\u00e9r\u00eat. Pour toute question ou commentaire, veuillez utiliser les informations indiqu\u00e9es ici, ou nous rejoindre sur . T\u00e9l\u00e9phone ou texto (819) [&hellip;]<\/p>\n","protected":false},"author":1,"featured_media":0,"parent":0,"menu_order":0,"comment_status":"closed","ping_status":"closed","template":"","meta":{"footnotes":""},"class_list":["post-12","page","type-page","status-publish","hentry"],"_links":{"self":[{"href":"https:\/\/www.done-ritecarpetcleaning.ca\/fr\/wp-json\/wp\/v2\/pages\/12","targetHints":{"allow":["GET"]}}],"collection":[{"href":"https:\/\/www.done-ritecarpetcleaning.ca\/fr\/wp-json\/wp\/v2\/pages"}],"about":[{"href":"https:\/\/www.done-ritecarpetcleaning.ca\/fr\/wp-json\/wp\/v2\/types\/page"}],"author":[{"embeddable":true,"href":"https:\/\/www.done-ritecarpetcleaning.ca\/fr\/wp-json\/wp\/v2\/users\/1"}],"replies":[{"embeddable":true,"href":"https:\/\/www.done-ritecarpetcleaning.ca\/fr\/wp-json\/wp\/v2\/comments?post=12"}],"version-history":[{"count":50,"href":"https:\/\/www.done-ritecarpetcleaning.ca\/fr\/wp-json\/wp\/v2\/pages\/12\/revisions"}],"predecessor-version":[{"id":1875,"href":"https:\/\/www.done-ritecarpetcleaning.ca\/fr\/wp-json\/wp\/v2\/pages\/12\/revisions\/1875"}],"wp:attachment":[{"href":"https:\/\/www.done-ritecarpetcleaning.ca\/fr\/wp-json\/wp\/v2\/media?parent=12"}],"curies":[{"name":"wp","href":"https:\/\/api.w.org\/{rel}","templated":true}]}}